
{"id":12155,"date":"2026-03-30T14:57:21","date_gmt":"2026-03-30T12:57:21","guid":{"rendered":"https:\/\/staging.syner.glass\/?page_id=12155"},"modified":"2026-04-10T14:17:58","modified_gmt":"2026-04-10T12:17:58","slug":"postuler-emploi","status":"publish","type":"page","link":"https:\/\/staging.syner.glass\/fr\/postuler-emploi\/","title":{"rendered":"Offre d&#8217;emploi &#8211; Product Owner"},"content":{"rendered":"\t\t<div data-elementor-type=\"wp-page\" data-elementor-id=\"12155\" class=\"elementor elementor-12155\" data-elementor-post-type=\"page\">\n\t\t\t\t<div class=\"elementor-element elementor-element-c2df16e e-flex e-con-boxed elementor-invisible e-con e-parent\" data-id=\"c2df16e\" data-element_type=\"container\" data-settings=\"{&quot;animation&quot;:&quot;fadeInUp&quot;}\">\n\t\t\t\t\t<div class=\"e-con-inner\">\n\t\t\t\t<div class=\"elementor-element elementor-element-e4fd8c9 elementor-widget-tablet__width-initial elementor-widget-mobile__width-inherit hover-title elementor-widget elementor-widget-heading\" data-id=\"e4fd8c9\" data-element_type=\"widget\" data-settings=\"{&quot;_animation&quot;:&quot;none&quot;}\" data-widget_type=\"heading.default\">\n\t\t\t\t\t<h3 class=\"elementor-heading-title elementor-size-default\">Description de l'offre d'emploi<\/h3>\t\t\t\t<\/div>\n\t\t\t\t\t<\/div>\n\t\t\t\t<\/div>\n\t\t<div class=\"elementor-element elementor-element-f5e4f02 e-flex e-con-boxed e-con e-parent\" data-id=\"f5e4f02\" data-element_type=\"container\">\n\t\t\t\t\t<div class=\"e-con-inner\">\n\t\t<a class=\"elementor-element elementor-element-49c29cb e-con-full e-transform e-flex elementor-invisible e-con e-child\" data-id=\"49c29cb\" data-element_type=\"container\" data-settings=\"{&quot;animation&quot;:&quot;fadeInUp&quot;,&quot;_transform_translateY_effect_hover&quot;:{&quot;unit&quot;:&quot;px&quot;,&quot;size&quot;:-5,&quot;sizes&quot;:[]},&quot;_transform_translateX_effect_hover&quot;:{&quot;unit&quot;:&quot;px&quot;,&quot;size&quot;:&quot;&quot;,&quot;sizes&quot;:[]},&quot;_transform_translateX_effect_hover_tablet&quot;:{&quot;unit&quot;:&quot;px&quot;,&quot;size&quot;:&quot;&quot;,&quot;sizes&quot;:[]},&quot;_transform_translateX_effect_hover_mobile&quot;:{&quot;unit&quot;:&quot;px&quot;,&quot;size&quot;:&quot;&quot;,&quot;sizes&quot;:[]},&quot;_transform_translateY_effect_hover_tablet&quot;:{&quot;unit&quot;:&quot;px&quot;,&quot;size&quot;:&quot;&quot;,&quot;sizes&quot;:[]},&quot;_transform_translateY_effect_hover_mobile&quot;:{&quot;unit&quot;:&quot;px&quot;,&quot;size&quot;:&quot;&quot;,&quot;sizes&quot;:[]}}\" href=\"#postuler\">\n\t\t\t\t<div class=\"elementor-element elementor-element-99083a7 elementor-widget elementor-widget-heading\" data-id=\"99083a7\" data-element_type=\"widget\" data-widget_type=\"heading.default\">\n\t\t\t\t\t<h3 class=\"elementor-heading-title elementor-size-default\">Product Owner<\/h3>\t\t\t\t<\/div>\n\t\t\t\t<div class=\"elementor-element elementor-element-a8f6054 elementor-widget elementor-widget-text-editor\" data-id=\"a8f6054\" data-element_type=\"widget\" data-widget_type=\"text-editor.default\">\n\t\t\t\t\t\t\t\t\t<p>Nous recherchons un Product Owner fiable et autonome pour g\u00e9rer nos produits au quotidien, de la d\u00e9finition des besoins \u00e0 la livraison. Vous serez l&rsquo;interlocuteur privil\u00e9gi\u00e9 entre les \u00e9quipes internes (d\u00e9veloppement, support, ventes, marketing) et nos clients\/prospects, et vous veillerez \u00e0 la clart\u00e9 fonctionnelle, \u00e0 la coh\u00e9rence de l&rsquo;UX\/UI, \u00e0 la feuille de route et \u00e0 la communication produit.<\/p>\t\t\t\t\t\t\t\t<\/div>\n\t\t<div class=\"elementor-element elementor-element-f8f176d e-con-full e-flex e-con e-child\" data-id=\"f8f176d\" data-element_type=\"container\">\n\t\t<div class=\"elementor-element elementor-element-9d27bd6 e-con-full e-flex e-con e-child\" data-id=\"9d27bd6\" data-element_type=\"container\">\n\t\t\t\t<div class=\"elementor-element elementor-element-02c502d elementor-position-left elementor-vertical-align-middle elementor-position-left elementor-widget-mobile__width-inherit elementor-widget elementor-widget-image-box\" data-id=\"02c502d\" data-element_type=\"widget\" data-widget_type=\"image-box.default\">\n\t\t\t\t\t<div class=\"elementor-image-box-wrapper\"><figure class=\"elementor-image-box-img\"><img decoding=\"async\" width=\"96\" height=\"96\" src=\"https:\/\/staging.syner.glass\/wp-content\/uploads\/2026\/03\/Adresse-Siegle-social-Synerglass-Soft.png\" class=\"attachment-full size-full wp-image-12085\" alt=\"\" \/><\/figure><div class=\"elementor-image-box-content\"><p class=\"elementor-image-box-title\">Sur-site<\/p><\/div><\/div>\t\t\t\t<\/div>\n\t\t\t\t<div class=\"elementor-element elementor-element-e9add2f elementor-position-left elementor-vertical-align-middle elementor-position-left elementor-widget-mobile__width-inherit elementor-widget elementor-widget-image-box\" data-id=\"e9add2f\" data-element_type=\"widget\" data-widget_type=\"image-box.default\">\n\t\t\t\t\t<div class=\"elementor-image-box-wrapper\"><figure class=\"elementor-image-box-img\"><img decoding=\"async\" width=\"96\" height=\"96\" src=\"https:\/\/staging.syner.glass\/wp-content\/uploads\/2026\/03\/Planning-planification-agenda.png\" class=\"attachment-full size-full wp-image-11288\" alt=\"\" \/><\/figure><div class=\"elementor-image-box-content\"><p class=\"elementor-image-box-title\">Templs plein<\/p><\/div><\/div>\t\t\t\t<\/div>\n\t\t<div class=\"elementor-element elementor-element-34abdda e-con-full e-flex e-con e-child\" data-id=\"34abdda\" data-element_type=\"container\">\n\t\t\t\t<div class=\"elementor-element elementor-element-a9bd1b3 elementor-widget elementor-widget-heading\" data-id=\"a9bd1b3\" data-element_type=\"widget\" data-settings=\"{&quot;_animation&quot;:&quot;none&quot;}\" data-widget_type=\"heading.default\">\n\t\t\t\t\t<p class=\"elementor-heading-title elementor-size-default\">Langues<\/p>\t\t\t\t<\/div>\n\t\t\t\t<div class=\"elementor-element elementor-element-733d600 elementor-widget__width-initial elementor-widget elementor-widget-image\" data-id=\"733d600\" data-element_type=\"widget\" id=\"review-avatar\" data-widget_type=\"image.default\">\n\t\t\t\t\t\t\t\t\t\t\t\t\t\t\t<img decoding=\"async\" width=\"64\" height=\"64\" src=\"https:\/\/staging.syner.glass\/wp-content\/uploads\/2026\/03\/France-Flag-website.png\" class=\"attachment-large size-large wp-image-11097\" alt=\"\" \/>\t\t\t\t\t\t\t\t\t\t\t\t\t\t\t<\/div>\n\t\t\t\t<div class=\"elementor-element elementor-element-f5ac516 elementor-widget__width-initial elementor-widget elementor-widget-image\" data-id=\"f5ac516\" data-element_type=\"widget\" id=\"review-avatar\" data-widget_type=\"image.default\">\n\t\t\t\t\t\t\t\t\t\t\t\t\t\t\t<img loading=\"lazy\" decoding=\"async\" width=\"64\" height=\"64\" src=\"https:\/\/staging.syner.glass\/wp-content\/uploads\/2026\/03\/Flag_of_United_Kingdom_Flat_Round-64x64-1.png\" class=\"attachment-large size-large wp-image-10964\" alt=\"\" \/>\t\t\t\t\t\t\t\t\t\t\t\t\t\t\t<\/div>\n\t\t\t\t<\/div>\n\t\t\t\t<\/div>\n\t\t<div class=\"elementor-element elementor-element-d7c4c5a e-con-full e-flex e-con e-child\" data-id=\"d7c4c5a\" data-element_type=\"container\">\n\t\t\t\t<div class=\"elementor-element elementor-element-f1408a2 elementor-position-right elementor-vertical-align-middle elementor-position-left elementor-widget-mobile__width-inherit e-transform elementor-vertical-align-bottom elementor-widget elementor-widget-image-box\" data-id=\"f1408a2\" data-element_type=\"widget\" data-settings=\"{&quot;_transform_translateY_effect_hover&quot;:{&quot;unit&quot;:&quot;px&quot;,&quot;size&quot;:-5,&quot;sizes&quot;:[]},&quot;_transform_translateX_effect_hover&quot;:{&quot;unit&quot;:&quot;px&quot;,&quot;size&quot;:&quot;&quot;,&quot;sizes&quot;:[]},&quot;_transform_translateX_effect_hover_tablet&quot;:{&quot;unit&quot;:&quot;px&quot;,&quot;size&quot;:&quot;&quot;,&quot;sizes&quot;:[]},&quot;_transform_translateX_effect_hover_mobile&quot;:{&quot;unit&quot;:&quot;px&quot;,&quot;size&quot;:&quot;&quot;,&quot;sizes&quot;:[]},&quot;_transform_translateY_effect_hover_tablet&quot;:{&quot;unit&quot;:&quot;px&quot;,&quot;size&quot;:&quot;&quot;,&quot;sizes&quot;:[]},&quot;_transform_translateY_effect_hover_mobile&quot;:{&quot;unit&quot;:&quot;px&quot;,&quot;size&quot;:&quot;&quot;,&quot;sizes&quot;:[]}}\" data-widget_type=\"image-box.default\">\n\t\t\t\t\t<div class=\"elementor-image-box-wrapper\"><figure class=\"elementor-image-box-img\"><img loading=\"lazy\" decoding=\"async\" width=\"48\" height=\"48\" src=\"https:\/\/staging.syner.glass\/wp-content\/uploads\/2026\/01\/Fleche-vers-la-droite-menu.png\" class=\"attachment-full size-full wp-image-12116\" alt=\"\" \/><\/figure><div class=\"elementor-image-box-content\"><p class=\"elementor-image-box-title\">Postuler<\/p><\/div><\/div>\t\t\t\t<\/div>\n\t\t\t\t<\/div>\n\t\t\t\t<\/div>\n\t\t\t\t<\/a>\n\t\t\t\t\t<\/div>\n\t\t\t\t<\/div>\n\t\t<div class=\"elementor-element elementor-element-4de7dd7 e-flex e-con-boxed e-con e-parent\" data-id=\"4de7dd7\" data-element_type=\"container\">\n\t\t\t\t\t<div class=\"e-con-inner\">\n\t\t\t\t<div class=\"elementor-element elementor-element-7177189 elementor-widget elementor-widget-heading\" data-id=\"7177189\" data-element_type=\"widget\" data-widget_type=\"heading.default\">\n\t\t\t\t\t<h2 class=\"elementor-heading-title elementor-size-default\">Responsabilit\u00e9s<\/h2>\t\t\t\t<\/div>\n\t\t\t\t<div class=\"elementor-element elementor-element-429142b elementor-widget-tablet__width-initial elementor-widget-mobile__width-inherit hover-title elementor-widget elementor-widget-heading\" data-id=\"429142b\" data-element_type=\"widget\" data-settings=\"{&quot;_animation&quot;:&quot;none&quot;}\" data-widget_type=\"heading.default\">\n\t\t\t\t\t<h3 class=\"elementor-heading-title elementor-size-default\">Gestion de produit<\/h3>\t\t\t\t<\/div>\n\t\t\t\t<div class=\"elementor-element elementor-element-217af2b elementor-widget elementor-widget-text-editor\" data-id=\"217af2b\" data-element_type=\"widget\" data-widget_type=\"text-editor.default\">\n\t\t\t\t\t\t\t\t\t<ul><li>G\u00e9rer l&rsquo;int\u00e9gralit\u00e9 du cycle de vie du produit : d\u00e9couverte, d\u00e9finition du p\u00e9rim\u00e8tre, priorisation, livraison et am\u00e9lioration continue.<\/li><li>Traduire la strat\u00e9gie produit (d\u00e9finie avec le chef de produit) en initiatives concr\u00e8tes et r\u00e9alisables.<\/li><li>Contribuer \u00e0 l&rsquo;\u00e9laboration de la feuille de route avec le chef de produit et assurer son ex\u00e9cution dans le p\u00e9rim\u00e8tre d\u00e9fini (priorisation, d\u00e9coupage et s\u00e9quencement du backlog).<\/li><li>Suivre les indicateurs de performance (adoption, satisfaction, impact commercial).<\/li><\/ul>\t\t\t\t\t\t\t\t<\/div>\n\t\t\t\t<div class=\"elementor-element elementor-element-1ce710e elementor-widget-tablet__width-initial elementor-widget-mobile__width-inherit hover-title elementor-widget elementor-widget-heading\" data-id=\"1ce710e\" data-element_type=\"widget\" data-settings=\"{&quot;_animation&quot;:&quot;none&quot;}\" data-widget_type=\"heading.default\">\n\t\t\t\t\t<h3 class=\"elementor-heading-title elementor-size-default\">Analyse fonctionnelle et qualit\u00e9 de la livraisonGestion de produit<\/h3>\t\t\t\t<\/div>\n\t\t\t\t<div class=\"elementor-element elementor-element-0e1acf0 elementor-widget elementor-widget-text-editor\" data-id=\"0e1acf0\" data-element_type=\"widget\" data-widget_type=\"text-editor.default\">\n\t\t\t\t\t\t\t\t\t<ul><li>Piloter, valider et remettre en question les analyses fonctionnelles (processus, r\u00e8gles m\u00e9tier, flux, cas limites).<\/li><li>R\u00e9diger ou affiner les user stories, les crit\u00e8res d&rsquo;acceptation et les exigences non fonctionnelles.<\/li><li>Valider les interfaces du point de vue produit (UX\/UI) : coh\u00e9rence fonctionnelle, facilit\u00e9 d&rsquo;utilisation et ad\u00e9quation aux besoins du produit.<\/li><li>Organiser et animer les rituels de validation : am\u00e9liorations, revues du backlog, d\u00e9monstrations, tests d&rsquo;acceptation utilisateur (UAT).<\/li><\/ul>\t\t\t\t\t\t\t\t<\/div>\n\t\t\t\t<div class=\"elementor-element elementor-element-6c59392 elementor-widget-tablet__width-initial elementor-widget-mobile__width-inherit hover-title elementor-widget elementor-widget-heading\" data-id=\"6c59392\" data-element_type=\"widget\" data-settings=\"{&quot;_animation&quot;:&quot;none&quot;}\" data-widget_type=\"heading.default\">\n\t\t\t\t\t<h3 class=\"elementor-heading-title elementor-size-default\">Clients et prospects<\/h3>\t\t\t\t<\/div>\n\t\t\t\t<div class=\"elementor-element elementor-element-27c66a5 elementor-widget elementor-widget-text-editor\" data-id=\"27c66a5\" data-element_type=\"widget\" data-widget_type=\"text-editor.default\">\n\t\t\t\t\t\t\t\t\t<ul><li>Animer des ateliers de d\u00e9finition du p\u00e9rim\u00e8tre\u00a0: recueillir les exigences d\u00e9taill\u00e9es, les reformuler et les prioriser.<\/li><li>Apporter un soutien \u00e0 l&rsquo;\u00e9quipe commerciale lors des d\u00e9monstrations produit et des s\u00e9ances de questions-r\u00e9ponses. Assurer le suivi op\u00e9rationnel des sujets produits directement aupr\u00e8s des clients\u00a0: comprendre le contexte, proposer des solutions et suivre les engagements jusqu\u2019\u00e0 leur finalisation.<\/li><\/ul>\t\t\t\t\t\t\t\t<\/div>\n\t\t\t\t<div class=\"elementor-element elementor-element-bb3852c elementor-widget-tablet__width-initial elementor-widget-mobile__width-inherit hover-title elementor-widget elementor-widget-heading\" data-id=\"bb3852c\" data-element_type=\"widget\" data-settings=\"{&quot;_animation&quot;:&quot;none&quot;}\" data-widget_type=\"heading.default\">\n\t\t\t\t\t<h3 class=\"elementor-heading-title elementor-size-default\">Communication et contenu produit<\/h3>\t\t\t\t<\/div>\n\t\t\t\t<div class=\"elementor-element elementor-element-0f51293 elementor-widget elementor-widget-text-editor\" data-id=\"0f51293\" data-element_type=\"widget\" data-widget_type=\"text-editor.default\">\n\t\t\t\t\t\t\t\t\t<ul><li>Cr\u00e9er et mettre \u00e0 jour les supports de communication produit : pr\u00e9sentations, synth\u00e8ses, outils d\u2019aide \u00e0 la vente.<\/li><li>\u00c9laborer des messages align\u00e9s sur la strat\u00e9gie produit (avantages, diff\u00e9renciation, contraintes, prochaines \u00e9tapes).<\/li><\/ul>\t\t\t\t\t\t\t\t<\/div>\n\t\t\t\t<div class=\"elementor-element elementor-element-e78a2f0 elementor-widget-tablet__width-initial elementor-widget-mobile__width-inherit hover-title elementor-widget elementor-widget-heading\" data-id=\"e78a2f0\" data-element_type=\"widget\" data-settings=\"{&quot;_animation&quot;:&quot;none&quot;}\" data-widget_type=\"heading.default\">\n\t\t\t\t\t<h3 class=\"elementor-heading-title elementor-size-default\">M\u00e9thodes Agile\/Scrum<\/h3>\t\t\t\t<\/div>\n\t\t\t\t<div class=\"elementor-element elementor-element-a2a0869 elementor-widget elementor-widget-text-editor\" data-id=\"a2a0869\" data-element_type=\"widget\" data-widget_type=\"text-editor.default\">\n\t\t\t\t\t\t\t\t\t<ul><li>Travailler en mode Agile\/Scrum : gestion du backlog, priorisation, planification et revues de sprint.<\/li><li>Collaborer \u00e9troitement avec les \u00e9quipes de d\u00e9veloppement pour maximiser la valeur ajout\u00e9e et minimiser les malentendus.<\/li><\/ul>\t\t\t\t\t\t\t\t<\/div>\n\t\t\t\t<div class=\"elementor-element elementor-element-30c5b45 elementor-widget-tablet__width-initial elementor-widget-mobile__width-inherit hover-title elementor-widget elementor-widget-heading\" data-id=\"30c5b45\" data-element_type=\"widget\" data-settings=\"{&quot;_animation&quot;:&quot;none&quot;}\" data-widget_type=\"heading.default\">\n\t\t\t\t\t<h3 class=\"elementor-heading-title elementor-size-default\">Outils<\/h3>\t\t\t\t<\/div>\n\t\t\t\t<div class=\"elementor-element elementor-element-8cfad6f elementor-widget elementor-widget-text-editor\" data-id=\"8cfad6f\" data-element_type=\"widget\" data-widget_type=\"text-editor.default\">\n\t\t\t\t\t\t\t\t\t<ul><li>Jira : backlog, sprints, tickets, reporting<\/li><li>Confluence\u00a0: documentation, sp\u00e9cifications, d\u00e9cisions, comptes rendus de r\u00e9union<\/li><\/ul>\t\t\t\t\t\t\t\t<\/div>\n\t\t\t\t\t<\/div>\n\t\t\t\t<\/div>\n\t\t<div class=\"elementor-element elementor-element-4033d0b e-flex e-con-boxed e-con e-parent\" data-id=\"4033d0b\" data-element_type=\"container\">\n\t\t\t\t\t<div class=\"e-con-inner\">\n\t\t\t\t<div class=\"elementor-element elementor-element-beed3c1 elementor-widget elementor-widget-heading\" data-id=\"beed3c1\" data-element_type=\"widget\" data-widget_type=\"heading.default\">\n\t\t\t\t\t<h2 class=\"elementor-heading-title elementor-size-default\">Profil<\/h2>\t\t\t\t<\/div>\n\t\t\t\t<div class=\"elementor-element elementor-element-820b460 elementor-widget-tablet__width-initial elementor-widget-mobile__width-inherit hover-title elementor-widget elementor-widget-heading\" data-id=\"820b460\" data-element_type=\"widget\" data-settings=\"{&quot;_animation&quot;:&quot;none&quot;}\" data-widget_type=\"heading.default\">\n\t\t\t\t\t<h3 class=\"elementor-heading-title elementor-size-default\">Exp\u00e9rience et comp\u00e9tences<\/h3>\t\t\t\t<\/div>\n\t\t\t\t<div class=\"elementor-element elementor-element-9606526 elementor-widget elementor-widget-text-editor\" data-id=\"9606526\" data-element_type=\"widget\" data-widget_type=\"text-editor.default\">\n\t\t\t\t\t\t\t\t\t<ul><li>Au moins 5 ans d&rsquo;exp\u00e9rience confirm\u00e9e en tant que Product Owner (ou r\u00f4le \u00e9quivalent : Product Manager orient\u00e9 livraison, Business Analyst).<\/li><li>Excellente capacit\u00e9 \u00e0 formaliser les besoins et \u00e0 valider les analyses fonctionnelles et les parcours utilisateurs.<\/li><li>Capacit\u00e9 \u00e0 prendre des d\u00e9cisions, \u00e0 prioriser, \u00e0 dire non lorsque n\u00e9cessaire et \u00e0 maintenir le cap sur la feuille de route avec fermet\u00e9 et tact.<\/li><li>Excellentes comp\u00e9tences en communication (\u00e9crite et orale) et forte aptitude \u00e0 la p\u00e9dagogie et \u00e0 la clarification.<\/li><li>Aisance \u00e0 r\u00e9aliser des d\u00e9monstrations de produits et \u00e0 interagir avec les clients, m\u00eame dans des situations de forte pression.<\/li><li>Exigence de qualit\u00e9 : sp\u00e9cifications claires, validation UX, crit\u00e8res d&rsquo;acceptation, validation de bout en bout.<\/li><\/ul>\t\t\t\t\t\t\t\t<\/div>\n\t\t\t\t<div class=\"elementor-element elementor-element-857aa0e elementor-widget-tablet__width-initial elementor-widget-mobile__width-inherit hover-title elementor-widget elementor-widget-heading\" data-id=\"857aa0e\" data-element_type=\"widget\" data-settings=\"{&quot;_animation&quot;:&quot;none&quot;}\" data-widget_type=\"heading.default\">\n\t\t\t\t\t<h3 class=\"elementor-heading-title elementor-size-default\">Langues<\/h3>\t\t\t\t<\/div>\n\t\t\t\t<div class=\"elementor-element elementor-element-26fff1e elementor-widget elementor-widget-text-editor\" data-id=\"26fff1e\" data-element_type=\"widget\" data-widget_type=\"text-editor.default\">\n\t\t\t\t\t\t\t\t\t<ul><li>Ma\u00eetrise du fran\u00e7ais et de l&rsquo;anglais requise.<\/li><li>La ma\u00eetrise de l&rsquo;espagnol, de l&rsquo;italien ou de l&rsquo;allemand est un atout.<\/li><\/ul>\t\t\t\t\t\t\t\t<\/div>\n\t\t\t\t<div class=\"elementor-element elementor-element-8ca50f1 elementor-widget-tablet__width-initial elementor-widget-mobile__width-inherit hover-title elementor-widget elementor-widget-heading\" data-id=\"8ca50f1\" data-element_type=\"widget\" data-settings=\"{&quot;_animation&quot;:&quot;none&quot;}\" data-widget_type=\"heading.default\">\n\t\t\t\t\t<h3 class=\"elementor-heading-title elementor-size-default\">Comp\u00e9tences g\u00e9n\u00e9rales attendues<\/h3>\t\t\t\t<\/div>\n\t\t\t\t<div class=\"elementor-element elementor-element-00a2e52 elementor-widget elementor-widget-text-editor\" data-id=\"00a2e52\" data-element_type=\"widget\" data-widget_type=\"text-editor.default\">\n\t\t\t\t\t\t\t\t\t<ul><li>Fiabilit\u00e9 et sens aigu des responsabilit\u00e9s : nous comptons sur vous pour mener \u00e0 bien vos missions et respecter vos engagements.<\/li><li>Esprit structur\u00e9, pragmatique, ax\u00e9 sur les r\u00e9sultats et la cr\u00e9ation de valeur.<\/li><li>Excellentes comp\u00e9tences relationnelles : capacit\u00e9 \u00e0 f\u00e9d\u00e9rer et \u00e0 mobiliser des interlocuteurs vari\u00e9s.<\/li><li>Autonomie, proactivit\u00e9 et capacit\u00e9 d\u2019anticipation.<\/li><\/ul>\t\t\t\t\t\t\t\t<\/div>\n\t\t\t\t\t<\/div>\n\t\t\t\t<\/div>\n\t\t<div class=\"elementor-element elementor-element-7bf5787 e-flex e-con-boxed e-con e-parent\" data-id=\"7bf5787\" data-element_type=\"container\">\n\t\t\t\t\t<div class=\"e-con-inner\">\n\t\t\t\t<div class=\"elementor-element elementor-element-cb08582 elementor-widget elementor-widget-heading\" data-id=\"cb08582\" data-element_type=\"widget\" data-widget_type=\"heading.default\">\n\t\t\t\t\t<h2 class=\"elementor-heading-title elementor-size-default\">Ce que nous offrons<\/h2>\t\t\t\t<\/div>\n\t\t\t\t<div class=\"elementor-element elementor-element-8e9afe7 elementor-widget-tablet__width-initial elementor-widget-mobile__width-inherit hover-title elementor-widget elementor-widget-heading\" data-id=\"8e9afe7\" data-element_type=\"widget\" data-settings=\"{&quot;_animation&quot;:&quot;none&quot;}\" data-widget_type=\"heading.default\">\n\t\t\t\t\t<h3 class=\"elementor-heading-title elementor-size-default\">Package salarial et avantages<\/h3>\t\t\t\t<\/div>\n\t\t\t\t<div class=\"elementor-element elementor-element-720e9ef elementor-widget elementor-widget-text-editor\" data-id=\"720e9ef\" data-element_type=\"widget\" data-widget_type=\"text-editor.default\">\n\t\t\t\t\t\t\t\t\t<ul><li>Un CDI \u00e0 temps plein et l\u2019opportunit\u00e9 de rejoindre une entreprise conviviale et en pleine croissance, \u00e0 taille humaine.<\/li><li>R\u00e9mun\u00e9ration selon exp\u00e9rience, incluant des avantages sociaux : possibilit\u00e9 d\u2019un v\u00e9hicule de fonction, titres-restaurant, assurance hospitalisation, am\u00e9nagement du temps de travail, acc\u00e8s \u00e0 la caf\u00e9t\u00e9ria, etc.<\/li><li>Un environnement propice \u00e0 l\u2019\u00e9panouissement professionnel de chacun.<\/li><\/ul>\t\t\t\t\t\t\t\t<\/div>\n\t\t\t\t\t<\/div>\n\t\t\t\t<\/div>\n\t\t<div class=\"elementor-element elementor-element-5afab14 e-flex e-con-boxed e-con e-parent\" data-id=\"5afab14\" data-element_type=\"container\" id=\"postuler\">\n\t\t\t\t\t<div class=\"e-con-inner\">\n\t\t\t\t<div class=\"elementor-element elementor-element-2c4bbb7 elementor-widget__width-initial elementor-widget-tablet__width-initial elementor-widget-mobile__width-inherit hover-title animated-slow elementor-invisible elementor-widget elementor-widget-heading\" data-id=\"2c4bbb7\" data-element_type=\"widget\" data-settings=\"{&quot;_animation&quot;:&quot;fadeInUp&quot;}\" data-widget_type=\"heading.default\">\n\t\t\t\t\t<h2 class=\"elementor-heading-title elementor-size-default\">Postuler pour ce poste<\/h2>\t\t\t\t<\/div>\n\t\t\t\t<div class=\"elementor-element elementor-element-c52c65a elementor-widget elementor-widget-html\" data-id=\"c52c65a\" data-element_type=\"widget\" data-widget_type=\"html.default\">\n\t\t\t\t\t<script src=\"https:\/\/js-eu1.hsforms.net\/forms\/embed\/145754356.js\" defer><\/script>\n<div class=\"hs-form-frame\" data-region=\"eu1\" data-form-id=\"a42d12b2-cf10-46ff-9930-aecdb683b60e\" data-portal-id=\"145754356\"><\/div>\t\t\t\t<\/div>\n\t\t\t\t\t<\/div>\n\t\t\t\t<\/div>\n\t\t\t\t<\/div>\n\t\t","protected":false},"excerpt":{"rendered":"<p>Description de l&rsquo;offre d&#8217;emploi Product Owner Nous recherchons un Product Owner fiable et autonome pour g\u00e9rer nos produits au quotidien, de la d\u00e9finition des besoins \u00e0 la livraison. Vous serez l&rsquo;interlocuteur privil\u00e9gi\u00e9 entre les \u00e9quipes internes (d\u00e9veloppement, support, ventes, marketing) et nos clients\/prospects, et vous veillerez \u00e0 la clart\u00e9 fonctionnelle, \u00e0 la coh\u00e9rence de l&rsquo;UX\/UI, [&hellip;]<\/p>\n","protected":false},"author":3,"featured_media":0,"parent":0,"menu_order":0,"comment_status":"closed","ping_status":"closed","template":"","meta":{"footnotes":""},"class_list":["post-12155","page","type-page","status-publish","hentry"],"_links":{"self":[{"href":"https:\/\/staging.syner.glass\/fr\/wp-json\/wp\/v2\/pages\/12155","targetHints":{"allow":["GET"]}}],"collection":[{"href":"https:\/\/staging.syner.glass\/fr\/wp-json\/wp\/v2\/pages"}],"about":[{"href":"https:\/\/staging.syner.glass\/fr\/wp-json\/wp\/v2\/types\/page"}],"author":[{"embeddable":true,"href":"https:\/\/staging.syner.glass\/fr\/wp-json\/wp\/v2\/users\/3"}],"replies":[{"embeddable":true,"href":"https:\/\/staging.syner.glass\/fr\/wp-json\/wp\/v2\/comments?post=12155"}],"version-history":[{"count":26,"href":"https:\/\/staging.syner.glass\/fr\/wp-json\/wp\/v2\/pages\/12155\/revisions"}],"predecessor-version":[{"id":14249,"href":"https:\/\/staging.syner.glass\/fr\/wp-json\/wp\/v2\/pages\/12155\/revisions\/14249"}],"wp:attachment":[{"href":"https:\/\/staging.syner.glass\/fr\/wp-json\/wp\/v2\/media?parent=12155"}],"curies":[{"name":"wp","href":"https:\/\/api.w.org\/{rel}","templated":true}]}}